{"id":853,"date":"2022-08-03T11:31:54","date_gmt":"2022-08-03T11:31:54","guid":{"rendered":"https:\/\/www.bluetourism.eu\/e-portfolio\/"},"modified":"2024-02-23T11:25:16","modified_gmt":"2024-02-23T11:25:16","slug":"e-portfolio","status":"publish","type":"page","link":"https:\/\/bluetourism.eu\/sl\/e-portfolio\/","title":{"rendered":"E-portfelj"},"content":{"rendered":"<div>\n<p>        <img decoding=\"async\" src=\"\/wp-content\/uploads\/2022\/03\/eport.svg\" alt=\"\"><\/p>\n<h3>E-portfelj<\/h3>\n<div>\n<p><span>Ljudje radi potujejo in u\u017eivajo v novih krajih. Vendar, potovanja lahko imajo velik negativen vpliv na okolje in lokalne skupnosti. Da bi se izognili tveganjem in razvili aktivnosti z majhnim vplivom, ki koristijo naravi in dru\u017ebi, moramo upo\u0161tevati omejitve virov in kulturne edinstvenosti.\u00a0<\/span><\/p>\n<p><span>Projekt BLUE TOURISM in bolj specifi\u010dno e-portfelj BLUE TOURISM \u017eeli prispevati k temu z oblikovanjem mno\u017eice trajnostnih praks. Navedene primere lahko uporabimo kot \u0161tudije primerov in dobre prakse.<\/span><\/p>\n<p><span>Za bolj\u0161o vizualizacijo so ti primeri predstavljeni na <\/span><a href=\"https:\/\/earth.google.com\/web\/@44.5325046,12.53638655,-2.99261483a,3563863.88075554d,30y,0h,0t,0r\/data=MikKJwolCiExcndaSVBtVjUzcVJ2ZFVQYW9yZ3BvQzBoZXlQTk9MWFMgAQ\" target=\"_blank\" rel=\"noopener\"><b>Google Earth<\/b><\/a><b>.<\/b><\/p>\n<p><span>Vsaka \u0161tudija primerov nudi osnovne informacije glede ozadja primera, trajnostnosti in glede inovativnih vidikov predlaganih turisti\u010dnih aktivnosti.\u00a0 To je prikazano v pojavnem oknu. Po \u017eelji lahko pribli\u017eate ali zmanj\u0161ate zemljevid, da pregledate ve\u010d \u0161tudij primerov v dr\u017eavi in znotraj Evrope.<\/span><\/p>\n<\/p>\n<p><b>Nasveti za navigacijo<\/b><\/p>\n<\/p>\n<ul>\n<li aria-level=\"1\"><span>uporabite kazalo za la\u017ejo navigacijo<\/span><\/li>\n<li aria-level=\"1\"><span>uporabite pu\u0161\u010dico v kazalu ali na va\u0161i tipkovnici za preu\u010devanje ali raz\u0161iritev kazala in kliknite dvakrat, da izberete poglavje, ki vas najbolj zanima<\/span><\/li>\n<li aria-level=\"1\"><span>uporabite mi\u0161ko za premikanje po pokrajini, v kombinaciji s tipko \u00bbctrl\u00ab pa lahko spremenite zorni kot.<\/span><\/li>\n<li aria-level=\"1\"><span>Ne pozabite si ogledati povezav in albumov v pojavnem oknu, ki se prika\u017eejo v celozaslonskem na\u010dinu, \u010de jih raz\u0161irite.<\/span><\/li>\n<\/ul>\n<p><a class=\"uk-button uk-button-primary\" href=\"https:\/\/bluetourism.eu\/casestudy\/sl\/index.html\" target=\"_blank\" rel=\"noopener\">\u0160tudije primerov<\/a><\/p>\n<\/div>\n<\/div>\n<p><!--more--><br \/>\n<!-- {\"type\":\"layout\",\"children\":[{\"type\":\"section\",\"props\":{\"style\":\"default\",\"width\":\"default\",\"vertical_align\":\"middle\",\"title_position\":\"top-left\",\"title_rotation\":\"left\",\"title_breakpoint\":\"xl\",\"image_position\":\"center-center\"},\"children\":[{\"type\":\"row\",\"children\":[{\"type\":\"column\",\"props\":{\"position_sticky_breakpoint\":\"m\",\"image_position\":\"center-center\",\"media_overlay_gradient\":\"\"},\"children\":[{\"type\":\"panel\",\"props\":{\"link_text\":\"Coming Soon\",\"title_hover_style\":\"reset\",\"title_element\":\"h3\",\"title_align\":\"top\",\"title_grid_width\":\"1-2\",\"title_grid_breakpoint\":\"m\",\"meta_style\":\"meta\",\"meta_align\":\"below-title\",\"meta_element\":\"div\",\"content_column_breakpoint\":\"m\",\"icon_width\":80,\"image_align\":\"left\",\"image_grid_width\":\"1-3\",\"image_grid_breakpoint\":\"m\",\"image_svg_color\":\"emphasis\",\"link_style\":\"default\",\"margin\":\"default\",\"title\":\"E-portfelj\",\"content\":\"\n\n<p><span>Ljudje radi potujejo in u\\u017eivajo v novih krajih. Vendar, potovanja lahko imajo velik negativen vpliv na okolje in lokalne skupnosti. Da bi se izognili tveganjem in razvili aktivnosti z majhnim vplivom, ki koristijo naravi in dru\\u017ebi, moramo upo\\u0161tevati omejitve virov in kulturne edinstvenosti.\\u00a0<\\\/span><\\\/p>\\n\n\n<p><span>Projekt BLUE TOURISM in bolj specifi\\u010dno e-portfelj BLUE TOURISM \\u017eeli prispevati k temu z oblikovanjem mno\\u017eice trajnostnih praks. Navedene primere lahko uporabimo kot \\u0161tudije primerov in dobre prakse.<\\\/span><\\\/p>\\n\n\n<p><span>Za bolj\\u0161o vizualizacijo so ti primeri predstavljeni na <\\\/span><a href=\\\"https:\\\/\\\/earth.google.com\\\/web\\\/@44.5325046,12.53638655,-2.99261483a,3563863.88075554d,30y,0h,0t,0r\\\/data=MikKJwolCiExcndaSVBtVjUzcVJ2ZFVQYW9yZ3BvQzBoZXlQTk9MWFMgAQ\\\" target=\\\"_blank\\\" rel=\\\"noopener\\\"><b>Google Earth<\\\/b><\\\/a><b>.<\\\/b><\\\/p>\\n\n\n<p><span>Vsaka \\u0161tudija primerov nudi osnovne informacije glede ozadja primera, trajnostnosti in glede inovativnih vidikov predlaganih turisti\\u010dnih aktivnosti.\\u00a0 To je prikazano v pojavnem oknu. Po \\u017eelji lahko pribli\\u017eate ali zmanj\\u0161ate zemljevid, da pregledate ve\\u010d \\u0161tudij primerov v dr\\u017eavi in znotraj Evrope.<\\\/span><\\\/p>\\n\n\n<p><\\\/p>\\n\n\n<p><b>Nasveti za navigacijo<\\\/b><\\\/p>\\n\n\n<p><\\\/p>\\n\n\n<ul>\\n\n\n<li aria-level=\\\"1\\\"><span>uporabite kazalo za la\\u017ejo navigacijo<\\\/span><\\\/li>\\n\n\n<li aria-level=\\\"1\\\"><span>uporabite pu\\u0161\\u010dico v kazalu ali na va\\u0161i tipkovnici za preu\\u010devanje ali raz\\u0161iritev kazala in kliknite dvakrat, da izberete poglavje, ki vas najbolj zanima<\\\/span><\\\/li>\\n\n\n<li aria-level=\\\"1\\\"><span>uporabite mi\\u0161ko za premikanje po pokrajini, v kombinaciji s tipko \\u00bbctrl\\u00ab pa lahko spremenite zorni kot.<\\\/span><\\\/li>\\n\n\n<li aria-level=\\\"1\\\"><span>Ne pozabite si ogledati povezav in albumov v pojavnem oknu, ki se prika\\u017eejo v celozaslonskem na\\u010dinu, \\u010de jih raz\\u0161irite.<\\\/span><\\\/li>\\n<\\\/ul>\\n\n\n<p><a class=\\\"uk-button uk-button-primary\\\" href=\\\"https:\\\/\\\/bluetourism.eu\\\/casestudy\\\/sl\\\/index.html\\\" target=\\\"_blank\\\" rel=\\\"noopener\\\">\\u0160tudije primerov<\\\/a><\\\/p>\",\"image\":\"wp-content\\\/uploads\\\/2022\\\/03\\\/eport.svg\",\"title_color\":\"success\",\"link\":\"\",\"animation\":\"fade\"},\"name\":\"eport-sl\"}]}]}]}],\"version\":\"2.7.22\"} --><\/p>\n","protected":false},"excerpt":{"rendered":"<p>E-portfelj Ljudje radi potujejo in u\u017eivajo v novih krajih. Vendar, potovanja lahko imajo velik negativen vpliv na okolje in lokalne skupnosti. Da bi se izognili..<\/p>\n","protected":false},"author":1,"featured_media":0,"parent":0,"menu_order":0,"comment_status":"closed","ping_status":"closed","template":"","meta":{"_acf_changed":false,"inline_featured_image":false,"footnotes":""},"class_list":["post-853","page","type-page","status-publish","hentry"],"acf":[],"_links":{"self":[{"href":"https:\/\/bluetourism.eu\/sl\/wp-json\/wp\/v2\/pages\/853","targetHints":{"allow":["GET"]}}],"collection":[{"href":"https:\/\/bluetourism.eu\/sl\/wp-json\/wp\/v2\/pages"}],"about":[{"href":"https:\/\/bluetourism.eu\/sl\/wp-json\/wp\/v2\/types\/page"}],"author":[{"embeddable":true,"href":"https:\/\/bluetourism.eu\/sl\/wp-json\/wp\/v2\/users\/1"}],"replies":[{"embeddable":true,"href":"https:\/\/bluetourism.eu\/sl\/wp-json\/wp\/v2\/comments?post=853"}],"version-history":[{"count":7,"href":"https:\/\/bluetourism.eu\/sl\/wp-json\/wp\/v2\/pages\/853\/revisions"}],"predecessor-version":[{"id":1649,"href":"https:\/\/bluetourism.eu\/sl\/wp-json\/wp\/v2\/pages\/853\/revisions\/1649"}],"wp:attachment":[{"href":"https:\/\/bluetourism.eu\/sl\/wp-json\/wp\/v2\/media?parent=853"}],"curies":[{"name":"wp","href":"https:\/\/api.w.org\/{rel}","templated":true}]}}