{"id":740,"date":"2022-02-24T14:11:37","date_gmt":"2022-02-24T14:11:37","guid":{"rendered":"https:\/\/www.bluetourism.eu\/elearning\/"},"modified":"2024-02-23T11:26:02","modified_gmt":"2024-02-23T11:26:02","slug":"elearning","status":"publish","type":"page","link":"https:\/\/bluetourism.eu\/sl\/elearning\/","title":{"rendered":"Platforma eU\u010denje"},"content":{"rendered":"<div>\n<p>        <img decoding=\"async\" src=\"\/wp-content\/uploads\/2022\/03\/elearn.svg\" alt=\"\"><\/p>\n<h3>Platforma eU\u010denje<\/h3>\n<div>\n<p><span>Majhni ponudniki vodnega turizma se soo\u010dajo s \u0161tevilnimi izzivi. Dana\u0161nja gospodarska kriza brez primere, \u0161e posebej v dr\u017eavah, ki se zana\u0161ajo na turizem kot gonilo gospodarskega razvoja, pa tudi predstavlja prilo\u017enost za spreminjanje trendov in krepitev gospodarske odpornosti, \u0161e posebej v lokalnih okoljih.<\/span><\/p>\n<p><span>Projekt BLUE TOURISM \u017eeli prispevati re\u0161itve za trenutne izzive z vzpostavitvijo mre\u017ee bodo\u010dih lokalnih svetovalcev za osem klju\u010dnih podro\u010dnih kompetenc, da lahko podpirajo in svetujejo majhnim ponudnikom vodnega turizma, da ti postanejo bolj trajnostni in konkuren\u010dni<\/span><span>.<\/span><b> BLUE TOURISM kompeten\u010dni profil za trajnostnega svetovalca<\/b><span> je sestavljen iz to\u010dno dolo\u010denih u\u010dnih rezultatov, ki so usklajeni z okvirji EU (EQF, ECVET in EQAVET).<\/span><\/p>\n<p><span>Prav tako j<\/span><span>e<\/span><b> BLUE TOURISM paket izobra\u017eevalnih virov<\/b><span> usposabljanju prilagojen paket, zasnovan za osvojitev vsakega podro\u010dja kompetenc in zastavljene u\u010dne enote z vodenjem po podro\u010dju kompetenc; vajami, prakti\u010dnimi viri; prakti\u010dnimi nasveti; in uporabno literaturo.<\/span><\/p>\n<p><span>BLUE TOURISM digitalni prostor slu\u017ei kot sistem \u00bbvse na enem mestu\u00ab in nudi takoj\u0161en dostop do celotne zbirke zgoraj omenjenih digitalnih u\u010dnih virov.<\/span><\/p>\n<\/div>\n<p><a href=\"https:\/\/elearning.bluetourism.eu\/sl\/\">Nav\u0161t\u00edvte platformu<\/a><\/p>\n<\/div>\n<div>\n<p>        <img decoding=\"async\" src=\"\/wp-content\/uploads\/2022\/03\/evideos.svg\" alt=\"\"><\/p>\n<h3>Akcijski videi<\/h3>\n<div>\n<table>\n<tbody>\n<tr>\n<td>\n<p><span>Akcijski videi so niz navdihujo\u010dih kratkih filmov, ki so nastali v razli\u010dnih fazah izvajanja projekta. Namenjeni so ozave\u0161\u010danju o projektu in kot inspiracija za majhna turisti\u010dna podjetja.<\/span><\/p>\n<p><span>Akcijski videi so na voljo v ustreznem razdelku digitalnega prostora.<\/span><\/p>\n<p><span style=\"font-weight: 400;\">\u00a0<\/span><\/p>\n<\/td>\n<\/tr>\n<\/tbody>\n<\/table>\n<\/div>\n<\/div>\n<p><!--more--><br \/>\n<!-- {\"type\":\"layout\",\"children\":[{\"type\":\"section\",\"props\":{\"style\":\"default\",\"width\":\"default\",\"vertical_align\":\"middle\",\"title_position\":\"top-left\",\"title_rotation\":\"left\",\"title_breakpoint\":\"xl\",\"image_position\":\"center-center\",\"padding_remove_top\":true,\"animation\":\"fade\",\"animation_delay\":\"50\"},\"children\":[{\"type\":\"row\",\"children\":[{\"type\":\"column\",\"props\":{\"position_sticky_breakpoint\":\"m\",\"image_position\":\"center-center\",\"media_overlay_gradient\":\"\"},\"children\":[{\"type\":\"panel\",\"props\":{\"link_text\":\"Nav\\u0161t\\u00edvte platformu\",\"title_hover_style\":\"reset\",\"title_element\":\"h3\",\"title_align\":\"top\",\"title_grid_width\":\"1-2\",\"title_grid_breakpoint\":\"m\",\"meta_style\":\"meta\",\"meta_align\":\"below-title\",\"meta_element\":\"div\",\"content_column_breakpoint\":\"m\",\"icon_width\":80,\"image_align\":\"right\",\"image_grid_width\":\"1-3\",\"image_grid_breakpoint\":\"m\",\"image_svg_color\":\"emphasis\",\"link_style\":\"primary\",\"margin\":\"large\",\"title\":\"Platforma eU\\u010denje\",\"content\":\"\n\n<p><span>Majhni ponudniki vodnega turizma se soo\\u010dajo s \\u0161tevilnimi izzivi. Dana\\u0161nja gospodarska kriza brez primere, \\u0161e posebej v dr\\u017eavah, ki se zana\\u0161ajo na turizem kot gonilo gospodarskega razvoja, pa tudi predstavlja prilo\\u017enost za spreminjanje trendov in krepitev gospodarske odpornosti, \\u0161e posebej v lokalnih okoljih.<\\\/span><\\\/p>\\n\n\n<p><span>Projekt BLUE TOURISM \\u017eeli prispevati re\\u0161itve za trenutne izzive z vzpostavitvijo mre\\u017ee bodo\\u010dih lokalnih svetovalcev za osem klju\\u010dnih podro\\u010dnih kompetenc, da lahko podpirajo in svetujejo majhnim ponudnikom vodnega turizma, da ti postanejo bolj trajnostni in konkuren\\u010dni<\\\/span><span>.<\\\/span><b> BLUE TOURISM kompeten\\u010dni profil za trajnostnega svetovalca<\\\/b><span> je sestavljen iz to\\u010dno dolo\\u010denih u\\u010dnih rezultatov, ki so usklajeni z okvirji EU (EQF, ECVET in EQAVET).<\\\/span><\\\/p>\\n\n\n<p><span>Prav tako j<\\\/span><span>e<\\\/span><b> BLUE TOURISM paket izobra\\u017eevalnih virov<\\\/b><span> usposabljanju prilagojen paket, zasnovan za osvojitev vsakega podro\\u010dja kompetenc in zastavljene u\\u010dne enote z vodenjem po podro\\u010dju kompetenc; vajami, prakti\\u010dnimi viri; prakti\\u010dnimi nasveti; in uporabno literaturo.<\\\/span><\\\/p>\\n\n\n<p><span>BLUE TOURISM digitalni prostor slu\\u017ei kot sistem \\u00bbvse na enem mestu\\u00ab in nudi takoj\\u0161en dostop do celotne zbirke zgoraj omenjenih digitalnih u\\u010dnih virov.<\\\/span><\\\/p>\",\"image\":\"wp-content\\\/uploads\\\/2022\\\/03\\\/elearn.svg\",\"title_color\":\"success\",\"link\":\"https:\\\/\\\/elearning.bluetourism.eu\\\/sl\\\/\"},\"name\":\"Panel with image RIGHT\"},{\"type\":\"panel\",\"props\":{\"link_text\":\"Coming Soon\",\"title_hover_style\":\"reset\",\"title_element\":\"h3\",\"title_align\":\"top\",\"title_grid_width\":\"1-2\",\"title_grid_breakpoint\":\"m\",\"meta_style\":\"meta\",\"meta_align\":\"below-title\",\"meta_element\":\"div\",\"content_column_breakpoint\":\"m\",\"icon_width\":80,\"image_align\":\"left\",\"image_grid_width\":\"1-3\",\"image_grid_breakpoint\":\"m\",\"image_svg_color\":\"emphasis\",\"link_style\":\"default\",\"margin\":\"default\",\"title\":\"Akcijski videi\",\"content\":\"\n\n<table>\\n\n\n<tbody>\\n\n\n<tr>\\n\n\n<td>\\n\n\n<p><span>Akcijski videi so niz navdihujo\\u010dih kratkih filmov, ki so nastali v razli\\u010dnih fazah izvajanja projekta. Namenjeni so ozave\\u0161\\u010danju o projektu in kot inspiracija za majhna turisti\\u010dna podjetja.<\\\/span><\\\/p>\\n\n\n<p><span>Akcijski videi so na voljo v ustreznem razdelku digitalnega prostora.<\\\/span><\\\/p>\\n\n\n<p><span style=\\\"font-weight: 400;\\\">\\u00a0<\\\/span><\\\/p>\\n<\\\/td>\\n<\\\/tr>\\n<\\\/tbody>\\n<\\\/table>\",\"image\":\"wp-content\\\/uploads\\\/2022\\\/03\\\/evideos.svg\",\"title_color\":\"success\",\"link\":\"\",\"animation\":\"fade\"},\"name\":\"left-image-panel\"}]}]}]}],\"version\":\"2.7.22\"} --><\/p>\n","protected":false},"excerpt":{"rendered":"<p>Platforma eU\u010denje Majhni ponudniki vodnega turizma se soo\u010dajo s \u0161tevilnimi izzivi. Dana\u0161nja gospodarska kriza brez primere, \u0161e posebej v dr\u017eavah, ki se zana\u0161ajo na turizem..<\/p>\n","protected":false},"author":1,"featured_media":0,"parent":0,"menu_order":0,"comment_status":"closed","ping_status":"closed","template":"","meta":{"_acf_changed":false,"inline_featured_image":false,"footnotes":""},"class_list":["post-740","page","type-page","status-publish","hentry"],"acf":[],"_links":{"self":[{"href":"https:\/\/bluetourism.eu\/sl\/wp-json\/wp\/v2\/pages\/740","targetHints":{"allow":["GET"]}}],"collection":[{"href":"https:\/\/bluetourism.eu\/sl\/wp-json\/wp\/v2\/pages"}],"about":[{"href":"https:\/\/bluetourism.eu\/sl\/wp-json\/wp\/v2\/types\/page"}],"author":[{"embeddable":true,"href":"https:\/\/bluetourism.eu\/sl\/wp-json\/wp\/v2\/users\/1"}],"replies":[{"embeddable":true,"href":"https:\/\/bluetourism.eu\/sl\/wp-json\/wp\/v2\/comments?post=740"}],"version-history":[{"count":7,"href":"https:\/\/bluetourism.eu\/sl\/wp-json\/wp\/v2\/pages\/740\/revisions"}],"predecessor-version":[{"id":1650,"href":"https:\/\/bluetourism.eu\/sl\/wp-json\/wp\/v2\/pages\/740\/revisions\/1650"}],"wp:attachment":[{"href":"https:\/\/bluetourism.eu\/sl\/wp-json\/wp\/v2\/media?parent=740"}],"curies":[{"name":"wp","href":"https:\/\/api.w.org\/{rel}","templated":true}]}}