{"id":852,"date":"2022-08-03T11:31:54","date_gmt":"2022-08-03T11:31:54","guid":{"rendered":"https:\/\/www.bluetourism.eu\/e-portfolio\/"},"modified":"2024-02-23T11:24:24","modified_gmt":"2024-02-23T11:24:24","slug":"e-portfolio","status":"publish","type":"page","link":"https:\/\/bluetourism.eu\/ro\/e-portfolio\/","title":{"rendered":"e-Portfolio"},"content":{"rendered":"<div>\n<p>        <img decoding=\"async\" src=\"\/wp-content\/uploads\/2022\/03\/eport.svg\" alt=\"\"><\/p>\n<h3>e-Portfolio<\/h3>\n<div>\n<p><span>Oamenilor le place s\u0103 c\u0103l\u0103toreasc\u0103 \u0219i s\u0103 se bucure de locuri noi. Cu toate acestea, c\u0103l\u0103toriile pot avea un mare impact negativ asupra mediului \u0219i a comunit\u0103\u021bilor locale. Pentru a evita riscurile \u0219i pentru a dezvolta activit\u0103\u021bi cu impact redus \u00een beneficiul naturii \u0219i al societ\u0103\u021bii, trebuie s\u0103 lu\u0103m \u00een considerare limit\u0103rile resurselor \u0219i unicitatea cultural\u0103.\u00a0<\/span><\/p>\n<\/p>\n<p><span>Proiectul BLUE TOURISM \u0219i, mai precis, portofoliul electronic BLUE TOURISM, \u00ee\u0219i propune s\u0103 contribuie la acest efort prin cartografierea unui set de practici durabile. Exemplele prezentate pot fi utilizate ca studii de caz \u0219i bune practici.<\/span><\/p>\n<\/p>\n<p><span>Pentru o mai bun\u0103 vizualizare, aceste exemple sunt prezentate prin intermediul <strong><a href=\"https:\/\/earth.google.com\/web\/@44.5325046,12.53638655,-2.99261483a,3563863.88075554d,30y,0h,0t,0r\/data=MikKJwolCiExUDc5Tkd3OWhobmVwWDA1eldyX3VzdTZNQTJwRUhvRXogAQ\" target=\"_blank\" rel=\"noopener\">Google Earth.<\/a><\/strong><\/span><\/p>\n<\/p>\n<p><span>Fiecare studiu de caz ofer\u0103 informa\u021bii succinte despre povestea de fond, sustenabilitatea, precum \u0219i despre aspectele inovatoare ale activit\u0103\u021bilor turistice propuse. Acestea sunt afi\u0219ate sub forma unor ferestre pop-up. Pute\u021bi m\u0103ri sau mic\u0219ora imaginea dup\u0103 cum dori\u021bi pentru a vizita mai multe studii de caz.<\/span><\/p>\n<p><b>Sfaturi de navigare<\/b><\/p>\n<ul>\n<li aria-level=\"1\"><span>utiliza\u021bi cuprinsul pentru o navigare mai u\u0219oar\u0103<\/span><\/li>\n<li aria-level=\"1\"><span>utiliza\u021bi o s\u0103geat\u0103 din cuprins sau tastatura pentru a parcurge sau a extinde cuprinsul \u0219i face\u021bi dublu clic pe capitolul care v\u0103 intereseaz\u0103 cel mai mult<\/span><\/li>\n<li aria-level=\"1\"><span>utiliza\u021bi mouse-ul pentru a v\u0103 deplasa \u00een peisaj \u0219i, \u00een combina\u021bie cu tasta &#8222;ctrl&#8221;, a\u021bi putea modifica unghiul de vizualizare<\/span><\/li>\n<li aria-level=\"1\"><span>nu uita\u021bi s\u0103 consulta\u021bi linkurile \u0219i albumele din fereastra pop-up, care sunt afi\u0219ate pe tot ecranul, dac\u0103 le extinde\u021bi.<\/span><\/li>\n<\/ul>\n<p><a class=\"uk-button uk-button-primary\" href=\"https:\/\/bluetourism.eu\/casestudy\/ro\/index.html\" target=\"_blank\" rel=\"noopener\">Studii de caz<\/a><\/p>\n<\/div>\n<\/div>\n<p><!--more--><br \/>\n<!-- {\"type\":\"layout\",\"children\":[{\"type\":\"section\",\"props\":{\"style\":\"default\",\"width\":\"default\",\"vertical_align\":\"middle\",\"title_position\":\"top-left\",\"title_rotation\":\"left\",\"title_breakpoint\":\"xl\",\"image_position\":\"center-center\"},\"children\":[{\"type\":\"row\",\"children\":[{\"type\":\"column\",\"props\":{\"position_sticky_breakpoint\":\"m\",\"image_position\":\"center-center\",\"media_overlay_gradient\":\"\"},\"children\":[{\"type\":\"panel\",\"props\":{\"link_text\":\"Coming Soon\",\"title_hover_style\":\"reset\",\"title_element\":\"h3\",\"title_align\":\"top\",\"title_grid_width\":\"1-2\",\"title_grid_breakpoint\":\"m\",\"meta_style\":\"meta\",\"meta_align\":\"below-title\",\"meta_element\":\"div\",\"content_column_breakpoint\":\"m\",\"icon_width\":80,\"image_align\":\"left\",\"image_grid_width\":\"1-3\",\"image_grid_breakpoint\":\"m\",\"image_svg_color\":\"emphasis\",\"link_style\":\"default\",\"margin\":\"default\",\"title\":\"e-Portfolio\",\"content\":\"\n\n<p><span>Oamenilor le place s\\u0103 c\\u0103l\\u0103toreasc\\u0103 \\u0219i s\\u0103 se bucure de locuri noi. Cu toate acestea, c\\u0103l\\u0103toriile pot avea un mare impact negativ asupra mediului \\u0219i a comunit\\u0103\\u021bilor locale. Pentru a evita riscurile \\u0219i pentru a dezvolta activit\\u0103\\u021bi cu impact redus \\u00een beneficiul naturii \\u0219i al societ\\u0103\\u021bii, trebuie s\\u0103 lu\\u0103m \\u00een considerare limit\\u0103rile resurselor \\u0219i unicitatea cultural\\u0103.\\u00a0<\\\/span><\\\/p>\\n\n\n<p><\\\/p>\\n\n\n<p><span>Proiectul BLUE TOURISM \\u0219i, mai precis, portofoliul electronic BLUE TOURISM, \\u00ee\\u0219i propune s\\u0103 contribuie la acest efort prin cartografierea unui set de practici durabile. Exemplele prezentate pot fi utilizate ca studii de caz \\u0219i bune practici.<\\\/span><\\\/p>\\n\n\n<p><\\\/p>\\n\n\n<p><span>Pentru o mai bun\\u0103 vizualizare, aceste exemple sunt prezentate prin intermediul <strong><a href=\\\"https:\\\/\\\/earth.google.com\\\/web\\\/@44.5325046,12.53638655,-2.99261483a,3563863.88075554d,30y,0h,0t,0r\\\/data=MikKJwolCiExUDc5Tkd3OWhobmVwWDA1eldyX3VzdTZNQTJwRUhvRXogAQ\\\" target=\\\"_blank\\\" rel=\\\"noopener\\\">Google Earth.<\\\/a><\\\/strong><\\\/span><\\\/p>\\n\n\n<p><\\\/p>\\n\n\n<p><span>Fiecare studiu de caz ofer\\u0103 informa\\u021bii succinte despre povestea de fond, sustenabilitatea, precum \\u0219i despre aspectele inovatoare ale activit\\u0103\\u021bilor turistice propuse. Acestea sunt afi\\u0219ate sub forma unor ferestre pop-up. Pute\\u021bi m\\u0103ri sau mic\\u0219ora imaginea dup\\u0103 cum dori\\u021bi pentru a vizita mai multe studii de caz.<\\\/span><\\\/p>\\n\n\n<p><b>Sfaturi de navigare<\\\/b><\\\/p>\\n\n\n<ul>\\n\n\n<li aria-level=\\\"1\\\"><span>utiliza\\u021bi cuprinsul pentru o navigare mai u\\u0219oar\\u0103<\\\/span><\\\/li>\\n\n\n<li aria-level=\\\"1\\\"><span>utiliza\\u021bi o s\\u0103geat\\u0103 din cuprins sau tastatura pentru a parcurge sau a extinde cuprinsul \\u0219i face\\u021bi dublu clic pe capitolul care v\\u0103 intereseaz\\u0103 cel mai mult<\\\/span><\\\/li>\\n\n\n<li aria-level=\\\"1\\\"><span>utiliza\\u021bi mouse-ul pentru a v\\u0103 deplasa \\u00een peisaj \\u0219i, \\u00een combina\\u021bie cu tasta \\\"ctrl\\\", a\\u021bi putea modifica unghiul de vizualizare<\\\/span><\\\/li>\\n\n\n<li aria-level=\\\"1\\\"><span>nu uita\\u021bi s\\u0103 consulta\\u021bi linkurile \\u0219i albumele din fereastra pop-up, care sunt afi\\u0219ate pe tot ecranul, dac\\u0103 le extinde\\u021bi.<\\\/span><\\\/li>\\n<\\\/ul>\\n\n\n<p><a class=\\\"uk-button uk-button-primary\\\" href=\\\"https:\\\/\\\/bluetourism.eu\\\/casestudy\\\/ro\\\/index.html\\\" target=\\\"_blank\\\" rel=\\\"noopener\\\">Studii de caz<\\\/a><\\\/p>\",\"image\":\"wp-content\\\/uploads\\\/2022\\\/03\\\/eport.svg\",\"title_color\":\"success\",\"link\":\"\",\"animation\":\"fade\"},\"name\":\"epporten\"}]}]}]}],\"version\":\"2.7.22\"} --><\/p>\n","protected":false},"excerpt":{"rendered":"<p>e-Portfolio Oamenilor le place s\u0103 c\u0103l\u0103toreasc\u0103 \u0219i s\u0103 se bucure de locuri noi. Cu toate acestea, c\u0103l\u0103toriile pot avea un mare impact negativ asupra mediului..<\/p>\n","protected":false},"author":1,"featured_media":0,"parent":0,"menu_order":0,"comment_status":"closed","ping_status":"closed","template":"","meta":{"_acf_changed":false,"inline_featured_image":false,"footnotes":""},"class_list":["post-852","page","type-page","status-publish","hentry"],"acf":[],"_links":{"self":[{"href":"https:\/\/bluetourism.eu\/ro\/wp-json\/wp\/v2\/pages\/852","targetHints":{"allow":["GET"]}}],"collection":[{"href":"https:\/\/bluetourism.eu\/ro\/wp-json\/wp\/v2\/pages"}],"about":[{"href":"https:\/\/bluetourism.eu\/ro\/wp-json\/wp\/v2\/types\/page"}],"author":[{"embeddable":true,"href":"https:\/\/bluetourism.eu\/ro\/wp-json\/wp\/v2\/users\/1"}],"replies":[{"embeddable":true,"href":"https:\/\/bluetourism.eu\/ro\/wp-json\/wp\/v2\/comments?post=852"}],"version-history":[{"count":10,"href":"https:\/\/bluetourism.eu\/ro\/wp-json\/wp\/v2\/pages\/852\/revisions"}],"predecessor-version":[{"id":1647,"href":"https:\/\/bluetourism.eu\/ro\/wp-json\/wp\/v2\/pages\/852\/revisions\/1647"}],"wp:attachment":[{"href":"https:\/\/bluetourism.eu\/ro\/wp-json\/wp\/v2\/media?parent=852"}],"curies":[{"name":"wp","href":"https:\/\/api.w.org\/{rel}","templated":true}]}}