{"id":739,"date":"2022-02-24T14:11:37","date_gmt":"2022-02-24T14:11:37","guid":{"rendered":"https:\/\/www.bluetourism.eu\/elearning\/"},"modified":"2024-02-23T11:29:47","modified_gmt":"2024-02-23T11:29:47","slug":"elearning","status":"publish","type":"page","link":"https:\/\/bluetourism.eu\/ro\/elearning\/","title":{"rendered":"Spa\u021biul eLearning"},"content":{"rendered":"<div>\n<p>        <img decoding=\"async\" src=\"\/wp-content\/uploads\/2022\/03\/elearn.svg\" alt=\"\"><\/p>\n<h3>Spa\u021biul eLearning<\/h3>\n<div>\n<p><span>Micii furnizori de turism din regiunile cu cursuri de ap\u0103 se confrunt\u0103 cu numeroase provoc\u0103ri. Criza economic\u0103 f\u0103r\u0103 precedent a epocii noastre, \u00een special \u00een \u021b\u0103rile care se bazeaz\u0103 pe turism ca motor de dezvoltare economic\u0103, reprezint\u0103, de asemenea, o oportunitate de a schimba tendin\u021bele \u0219i de a consolida rezisten\u021ba economic\u0103, \u00een special \u00een zonele locale.<\/span><\/p>\n<p><span>Proiectul BLUE TOURISM \u00ee\u0219i propune s\u0103 contribuie la g\u0103sirea solu\u021biilor privind provoc\u0103rile actuale, prin <\/span><i><span>echiparea<\/span><\/i><span> unei re\u021bele de viitori consilieri locali cu opt competen\u021be-cheie, astfel \u00eenc\u00e2t ace\u0219tia s\u0103 poat\u0103 sprijini \u0219i oferi consultan\u021b\u0103 micilor furnizori de turism din regiunile cu cursuri de ap\u0103 pentru a fi mai sustenabili \u0219i mai competitivi. <\/span><b>Profilul de competen\u021be al consilierului BLUE TOURISM<\/b><span> const\u0103 \u00eentr-un set explicit de rezultate ale \u00eenv\u0103\u021b\u0103rii aliniate la cadrele UE (EQF, ECVET \u0219i EQAVET).<\/span><\/p>\n<p><span>\u00cen plus, <\/span><b>pachetul de resurse educa\u021bionale BLUE TOURISM<\/b><span> este un pachet de formare personalizat, conceput pentru a oferi fiecare domeniu de competen\u021b\u0103 \u0219i fiecare unitate de \u00eenv\u0103\u021bare desemnat, cu \u00eendrumare \u00een domeniul de competen\u021b\u0103; tutoriale; resurse practice; sfaturi practice \u0219i lecturi utile.<\/span><\/p>\n<p><span>Spa\u021biul digital BLUE TOURISM serve\u0219te ca un <\/span><i><span>ghi\u0219eu<\/span><\/i><span> unic, oferind acces instantaneu la \u00eentreaga suit\u0103 de resurse digitale de \u00eenv\u0103\u021bare men\u021bionate mai sus.<\/span><\/p>\n<\/div>\n<p><a href=\"https:\/\/elearning.bluetourism.eu\/ro\/\">Vizita\u021bi Platforma<\/a><\/p>\n<\/div>\n<div>\n<p>        <img decoding=\"async\" src=\"\/wp-content\/uploads\/2022\/03\/evideos.svg\" alt=\"\"><\/p>\n<h3>Videoclipurile &#8222;\u00een ac\u021biune&#8221; <\/h3>\n<div>\n<p><span>Videoclipurile &#8222;\u00een ac\u021biune&#8221; sunt un set de scurtmetraje inspira\u021bionale rezultate din diferitele faze de implementare a proiectului. Acestea au rolul de a cre\u0219te gradul de con\u0219tientizare cu privire la proiect \u0219i de a inspira micii furnizori de servicii turistice.<\/span><\/p>\n<p><span>Videoclipurile &#8222;\u00een ac\u021biune&#8221; sunt disponibile \u00een sec\u021biunea respectiv\u0103 a spa\u021biului digital.<\/span><\/p>\n<\/div>\n<\/div>\n<p><!--more--><br \/>\n<!-- {\"type\":\"layout\",\"children\":[{\"type\":\"section\",\"props\":{\"style\":\"default\",\"width\":\"default\",\"vertical_align\":\"middle\",\"title_position\":\"top-left\",\"title_rotation\":\"left\",\"title_breakpoint\":\"xl\",\"image_position\":\"center-center\",\"padding_remove_top\":true,\"animation\":\"fade\",\"animation_delay\":\"50\"},\"children\":[{\"type\":\"row\",\"children\":[{\"type\":\"column\",\"props\":{\"position_sticky_breakpoint\":\"m\",\"image_position\":\"center-center\",\"media_overlay_gradient\":\"\"},\"children\":[{\"type\":\"panel\",\"props\":{\"link_text\":\"Vizita\\u021bi Platforma\",\"title_hover_style\":\"reset\",\"title_element\":\"h3\",\"title_align\":\"top\",\"title_grid_width\":\"1-2\",\"title_grid_breakpoint\":\"m\",\"meta_style\":\"meta\",\"meta_align\":\"below-title\",\"meta_element\":\"div\",\"content_column_breakpoint\":\"m\",\"icon_width\":80,\"image_align\":\"right\",\"image_grid_width\":\"1-3\",\"image_grid_breakpoint\":\"m\",\"image_svg_color\":\"emphasis\",\"link_style\":\"primary\",\"margin\":\"large\",\"title\":\"Spa\\u021biul eLearning\",\"content\":\"\n\n<p><span>Micii furnizori de turism din regiunile cu cursuri de ap\\u0103 se confrunt\\u0103 cu numeroase provoc\\u0103ri. Criza economic\\u0103 f\\u0103r\\u0103 precedent a epocii noastre, \\u00een special \\u00een \\u021b\\u0103rile care se bazeaz\\u0103 pe turism ca motor de dezvoltare economic\\u0103, reprezint\\u0103, de asemenea, o oportunitate de a schimba tendin\\u021bele \\u0219i de a consolida rezisten\\u021ba economic\\u0103, \\u00een special \\u00een zonele locale.<\\\/span><\\\/p>\\n\n\n<p><span>Proiectul BLUE TOURISM \\u00ee\\u0219i propune s\\u0103 contribuie la g\\u0103sirea solu\\u021biilor privind provoc\\u0103rile actuale, prin <\\\/span><i><span>echiparea<\\\/span><\\\/i><span> unei re\\u021bele de viitori consilieri locali cu opt competen\\u021be-cheie, astfel \\u00eenc\\u00e2t ace\\u0219tia s\\u0103 poat\\u0103 sprijini \\u0219i oferi consultan\\u021b\\u0103 micilor furnizori de turism din regiunile cu cursuri de ap\\u0103 pentru a fi mai sustenabili \\u0219i mai competitivi. <\\\/span><b>Profilul de competen\\u021be al consilierului BLUE TOURISM<\\\/b><span> const\\u0103 \\u00eentr-un set explicit de rezultate ale \\u00eenv\\u0103\\u021b\\u0103rii aliniate la cadrele UE (EQF, ECVET \\u0219i EQAVET).<\\\/span><\\\/p>\\n\n\n<p><span>\\u00cen plus, <\\\/span><b>pachetul de resurse educa\\u021bionale BLUE TOURISM<\\\/b><span> este un pachet de formare personalizat, conceput pentru a oferi fiecare domeniu de competen\\u021b\\u0103 \\u0219i fiecare unitate de \\u00eenv\\u0103\\u021bare desemnat, cu \\u00eendrumare \\u00een domeniul de competen\\u021b\\u0103; tutoriale; resurse practice; sfaturi practice \\u0219i lecturi utile.<\\\/span><\\\/p>\\n\n\n<p><span>Spa\\u021biul digital BLUE TOURISM serve\\u0219te ca un <\\\/span><i><span>ghi\\u0219eu<\\\/span><\\\/i><span> unic, oferind acces instantaneu la \\u00eentreaga suit\\u0103 de resurse digitale de \\u00eenv\\u0103\\u021bare men\\u021bionate mai sus.<\\\/span><\\\/p>\",\"image\":\"wp-content\\\/uploads\\\/2022\\\/03\\\/elearn.svg\",\"title_color\":\"success\",\"link\":\"https:\\\/\\\/elearning.bluetourism.eu\\\/ro\\\/\"},\"name\":\"Panel with image RIGHT\"},{\"type\":\"panel\",\"props\":{\"link_text\":\"Coming Soon\",\"title_hover_style\":\"reset\",\"title_element\":\"h3\",\"title_align\":\"top\",\"title_grid_width\":\"1-2\",\"title_grid_breakpoint\":\"m\",\"meta_style\":\"meta\",\"meta_align\":\"below-title\",\"meta_element\":\"div\",\"content_column_breakpoint\":\"m\",\"icon_width\":80,\"image_align\":\"left\",\"image_grid_width\":\"1-3\",\"image_grid_breakpoint\":\"m\",\"image_svg_color\":\"emphasis\",\"link_style\":\"default\",\"margin\":\"default\",\"title\":\"Videoclipurile \\\"\\u00een ac\\u021biune\\\" \",\"content\":\"\n\n<p><span>Videoclipurile \\\"\\u00een ac\\u021biune\\\" sunt un set de scurtmetraje inspira\\u021bionale rezultate din diferitele faze de implementare a proiectului. Acestea au rolul de a cre\\u0219te gradul de con\\u0219tientizare cu privire la proiect \\u0219i de a inspira micii furnizori de servicii turistice.<\\\/span><\\\/p>\\n\n\n<p><span>Videoclipurile \\\"\\u00een ac\\u021biune\\\" sunt disponibile \\u00een sec\\u021biunea respectiv\\u0103 a spa\\u021biului digital.<\\\/span><\\\/p>\",\"image\":\"wp-content\\\/uploads\\\/2022\\\/03\\\/evideos.svg\",\"title_color\":\"success\",\"link\":\"\",\"animation\":\"fade\"},\"name\":\"left-image-panel\"}]}]}]}],\"version\":\"2.7.22\"} --><\/p>\n","protected":false},"excerpt":{"rendered":"<p>Spa\u021biul eLearning Micii furnizori de turism din regiunile cu cursuri de ap\u0103 se confrunt\u0103 cu numeroase provoc\u0103ri. Criza economic\u0103 f\u0103r\u0103 precedent a epocii noastre, \u00een..<\/p>\n","protected":false},"author":1,"featured_media":0,"parent":0,"menu_order":0,"comment_status":"closed","ping_status":"closed","template":"","meta":{"_acf_changed":false,"inline_featured_image":false,"footnotes":""},"class_list":["post-739","page","type-page","status-publish","hentry"],"acf":[],"_links":{"self":[{"href":"https:\/\/bluetourism.eu\/ro\/wp-json\/wp\/v2\/pages\/739","targetHints":{"allow":["GET"]}}],"collection":[{"href":"https:\/\/bluetourism.eu\/ro\/wp-json\/wp\/v2\/pages"}],"about":[{"href":"https:\/\/bluetourism.eu\/ro\/wp-json\/wp\/v2\/types\/page"}],"author":[{"embeddable":true,"href":"https:\/\/bluetourism.eu\/ro\/wp-json\/wp\/v2\/users\/1"}],"replies":[{"embeddable":true,"href":"https:\/\/bluetourism.eu\/ro\/wp-json\/wp\/v2\/comments?post=739"}],"version-history":[{"count":9,"href":"https:\/\/bluetourism.eu\/ro\/wp-json\/wp\/v2\/pages\/739\/revisions"}],"predecessor-version":[{"id":1654,"href":"https:\/\/bluetourism.eu\/ro\/wp-json\/wp\/v2\/pages\/739\/revisions\/1654"}],"wp:attachment":[{"href":"https:\/\/bluetourism.eu\/ro\/wp-json\/wp\/v2\/media?parent=739"}],"curies":[{"name":"wp","href":"https:\/\/api.w.org\/{rel}","templated":true}]}}