{"id":851,"date":"2022-08-03T11:31:54","date_gmt":"2022-08-03T11:31:54","guid":{"rendered":"https:\/\/www.bluetourism.eu\/e-portfolio\/"},"modified":"2024-02-23T11:23:09","modified_gmt":"2024-02-23T11:23:09","slug":"e-portfolio","status":"publish","type":"page","link":"https:\/\/bluetourism.eu\/pt-pt\/e-portfolio\/","title":{"rendered":"e-Portfolio"},"content":{"rendered":"<div>\n<p>        <img decoding=\"async\" src=\"\/wp-content\/uploads\/2022\/03\/eport.svg\" alt=\"\"><\/p>\n<h3>e-Portfolio<\/h3>\n<div>\n<p><span>As pessoas gostam de viajar e de desfrutar de novos lugares. Contudo, viajar acarreta um impacte negativo sobre o ambiente e as comunidades locais. Para minimizar riscos e desenvolver atividades pouco impactantes em benef\u00edcio do ambiente e da sociedade, devemos considerar as limita\u00e7\u00f5es de certos recursos e a singularidade cultural de determinados locais.<\/span><\/p>\n<\/p>\n<p><span>O projeto BLUE TOURISM \u2013 e mais especificamente o BLUE TOURISM e-Portef\u00f3lio \u2013, visa contribuir para esse esfor\u00e7o, atrav\u00e9s do mapeamento de um conjunto de pr\u00e1ticas de turismo sustent\u00e1vel sedeadas em zonas de cursos de \u00e1gua. Os exemplos referenciados podem ser utilizados como estudos de caso e\/ou boas pr\u00e1ticas.<\/span><\/p>\n<\/p>\n<p><span>Para uma melhor visualiza\u00e7\u00e3o, estas pr\u00e1ticas s\u00e3o disponibilizadas atrav\u00e9s do <\/span><b><a href=\"https:\/\/earth.google.com\/web\/@44.5325046,12.53638655,303.12814549a,3563863.88075554d,30y,0h,0t,0r\/data=MikKJwolCiExdE5STVJZYXE2ZTE4LWJXSGN1QnlWWjBaMWxlR0RCUlQgAQ\" target=\"_blank\" rel=\"noopener\">Google Earth<\/a><\/b><span>.<\/span><\/p>\n<\/p>\n<p><span>Cada estudo de caso inclu\u00ed uma breve informa\u00e7\u00e3o sobre a hist\u00f3ria da empresa ou projeto apresentado, as pr\u00e1ticas de sustentabilidade que promovem, bem como os aspetos inovadores das atividades tur\u00edsticas propostas. Esta informa\u00e7\u00e3o \u00e9 apresentada em janelas <\/span><i><span>pop-up<\/span><\/i><span>. Pode aumentar ou diminuir o <\/span><i><span>zoom <\/span><\/i><span>\u00e0 medida que quiser visitar e\/ou consultar os diferentes estudos de caso nos pa\u00edses que integram a parceira do projeto BLUE TOURISM.<\/span><\/p>\n<\/p>\n<p><b>Dicas para uma melhor navega\u00e7\u00e3o<\/b><\/p>\n<p><span>&#8211; Utilize a op\u00e7\u00e3o \u201c\u00cdndice\u201d para uma navega\u00e7\u00e3o mais f\u00e1cil;<\/span><\/p>\n<p><span>&#8211; Utilize a seta na \u201cTabela de conte\u00fados\u201d ou no seu teclado para ler ou ampliar a \u201cTabela de conte\u00fados\u201d, fazendo duplo clique no cap\u00edtulo que pretende ler;<\/span><\/p>\n<p><span>&#8211; Utilize o seu rato para se deslocar na paisagem e, em combina\u00e7\u00e3o com a tecla \u201cCTRL\u201d, altere o \u00e2ngulo de visualiza\u00e7\u00e3o;<\/span><\/p>\n<p><span>&#8211; Lembre-se de verificar as hiperliga\u00e7\u00f5es e as imagens apresentadas na janela <\/span><i><span>pop-up<\/span><\/i><span>, que s\u00e3o exibidas em ecr\u00e3 inteiro se os expandir.<\/span><\/p>\n<p><a class=\"uk-button uk-button-primary\" href=\"https:\/\/bluetourism.eu\/casestudy\/pt\/index.html\" target=\"_blank\" rel=\"noopener\">Estudos de caso<\/a><\/p>\n<\/div>\n<\/div>\n<p><!--more--><br \/>\n<!-- {\"type\":\"layout\",\"children\":[{\"type\":\"section\",\"props\":{\"style\":\"default\",\"width\":\"default\",\"vertical_align\":\"middle\",\"title_position\":\"top-left\",\"title_rotation\":\"left\",\"title_breakpoint\":\"xl\",\"image_position\":\"center-center\"},\"children\":[{\"type\":\"row\",\"children\":[{\"type\":\"column\",\"props\":{\"position_sticky_breakpoint\":\"m\",\"image_position\":\"center-center\",\"media_overlay_gradient\":\"\"},\"children\":[{\"type\":\"panel\",\"props\":{\"link_text\":\"Coming Soon\",\"title_hover_style\":\"reset\",\"title_element\":\"h3\",\"title_align\":\"top\",\"title_grid_width\":\"1-2\",\"title_grid_breakpoint\":\"m\",\"meta_style\":\"meta\",\"meta_align\":\"below-title\",\"meta_element\":\"div\",\"content_column_breakpoint\":\"m\",\"icon_width\":80,\"image_align\":\"left\",\"image_grid_width\":\"1-3\",\"image_grid_breakpoint\":\"m\",\"image_svg_color\":\"emphasis\",\"link_style\":\"default\",\"margin\":\"default\",\"title\":\"e-Portfolio\",\"content\":\"\n\n<p><span>As pessoas gostam de viajar e de desfrutar de novos lugares. Contudo, viajar acarreta um impacte negativo sobre o ambiente e as comunidades locais. Para minimizar riscos e desenvolver atividades pouco impactantes em benef\\u00edcio do ambiente e da sociedade, devemos considerar as limita\\u00e7\\u00f5es de certos recursos e a singularidade cultural de determinados locais.<\\\/span><\\\/p>\\n\n\n<p><\\\/p>\\n\n\n<p><span>O projeto BLUE TOURISM \\u2013 e mais especificamente o BLUE TOURISM e-Portef\\u00f3lio \\u2013, visa contribuir para esse esfor\\u00e7o, atrav\\u00e9s do mapeamento de um conjunto de pr\\u00e1ticas de turismo sustent\\u00e1vel sedeadas em zonas de cursos de \\u00e1gua. Os exemplos referenciados podem ser utilizados como estudos de caso e\\\/ou boas pr\\u00e1ticas.<\\\/span><\\\/p>\\n\n\n<p><\\\/p>\\n\n\n<p><span>Para uma melhor visualiza\\u00e7\\u00e3o, estas pr\\u00e1ticas s\\u00e3o disponibilizadas atrav\\u00e9s do <\\\/span><b><a href=\\\"https:\\\/\\\/earth.google.com\\\/web\\\/@44.5325046,12.53638655,303.12814549a,3563863.88075554d,30y,0h,0t,0r\\\/data=MikKJwolCiExdE5STVJZYXE2ZTE4LWJXSGN1QnlWWjBaMWxlR0RCUlQgAQ\\\" target=\\\"_blank\\\" rel=\\\"noopener\\\">Google Earth<\\\/a><\\\/b><span>.<\\\/span><\\\/p>\\n\n\n<p><\\\/p>\\n\n\n<p><span>Cada estudo de caso inclu\\u00ed uma breve informa\\u00e7\\u00e3o sobre a hist\\u00f3ria da empresa ou projeto apresentado, as pr\\u00e1ticas de sustentabilidade que promovem, bem como os aspetos inovadores das atividades tur\\u00edsticas propostas. Esta informa\\u00e7\\u00e3o \\u00e9 apresentada em janelas <\\\/span><i><span>pop-up<\\\/span><\\\/i><span>. Pode aumentar ou diminuir o <\\\/span><i><span>zoom <\\\/span><\\\/i><span>\\u00e0 medida que quiser visitar e\\\/ou consultar os diferentes estudos de caso nos pa\\u00edses que integram a parceira do projeto BLUE TOURISM.<\\\/span><\\\/p>\\n\n\n<p><\\\/p>\\n\n\n<p><b>Dicas para uma melhor navega\\u00e7\\u00e3o<\\\/b><\\\/p>\\n\n\n<p><span>- Utilize a op\\u00e7\\u00e3o \\u201c\\u00cdndice\\u201d para uma navega\\u00e7\\u00e3o mais f\\u00e1cil;<\\\/span><\\\/p>\\n\n\n<p><span>- Utilize a seta na \\u201cTabela de conte\\u00fados\\u201d ou no seu teclado para ler ou ampliar a \\u201cTabela de conte\\u00fados\\u201d, fazendo duplo clique no cap\\u00edtulo que pretende ler;<\\\/span><\\\/p>\\n\n\n<p><span>- Utilize o seu rato para se deslocar na paisagem e, em combina\\u00e7\\u00e3o com a tecla \\u201cCTRL\\u201d, altere o \\u00e2ngulo de visualiza\\u00e7\\u00e3o;<\\\/span><\\\/p>\\n\n\n<p><span>- Lembre-se de verificar as hiperliga\\u00e7\\u00f5es e as imagens apresentadas na janela <\\\/span><i><span>pop-up<\\\/span><\\\/i><span>, que s\\u00e3o exibidas em ecr\\u00e3 inteiro se os expandir.<\\\/span><\\\/p>\\n\n\n<p><a class=\\\"uk-button uk-button-primary\\\" href=\\\"https:\\\/\\\/bluetourism.eu\\\/casestudy\\\/pt\\\/index.html\\\" target=\\\"_blank\\\" rel=\\\"noopener\\\">Estudos de caso<\\\/a><\\\/p>\",\"image\":\"wp-content\\\/uploads\\\/2022\\\/03\\\/eport.svg\",\"title_color\":\"success\",\"link\":\"\",\"animation\":\"fade\"},\"name\":\"eport- pt\"}]}]}]}],\"version\":\"2.7.22\"} --><\/p>\n","protected":false},"excerpt":{"rendered":"<p>e-Portfolio As pessoas gostam de viajar e de desfrutar de novos lugares. Contudo, viajar acarreta um impacte negativo sobre o ambiente e as comunidades locais&#8230;<\/p>\n","protected":false},"author":1,"featured_media":0,"parent":0,"menu_order":0,"comment_status":"closed","ping_status":"closed","template":"","meta":{"_acf_changed":false,"inline_featured_image":false,"footnotes":""},"class_list":["post-851","page","type-page","status-publish","hentry"],"acf":[],"_links":{"self":[{"href":"https:\/\/bluetourism.eu\/pt-pt\/wp-json\/wp\/v2\/pages\/851","targetHints":{"allow":["GET"]}}],"collection":[{"href":"https:\/\/bluetourism.eu\/pt-pt\/wp-json\/wp\/v2\/pages"}],"about":[{"href":"https:\/\/bluetourism.eu\/pt-pt\/wp-json\/wp\/v2\/types\/page"}],"author":[{"embeddable":true,"href":"https:\/\/bluetourism.eu\/pt-pt\/wp-json\/wp\/v2\/users\/1"}],"replies":[{"embeddable":true,"href":"https:\/\/bluetourism.eu\/pt-pt\/wp-json\/wp\/v2\/comments?post=851"}],"version-history":[{"count":6,"href":"https:\/\/bluetourism.eu\/pt-pt\/wp-json\/wp\/v2\/pages\/851\/revisions"}],"predecessor-version":[{"id":1645,"href":"https:\/\/bluetourism.eu\/pt-pt\/wp-json\/wp\/v2\/pages\/851\/revisions\/1645"}],"wp:attachment":[{"href":"https:\/\/bluetourism.eu\/pt-pt\/wp-json\/wp\/v2\/media?parent=851"}],"curies":[{"name":"wp","href":"https:\/\/api.w.org\/{rel}","templated":true}]}}