{"id":738,"date":"2022-02-24T14:11:37","date_gmt":"2022-02-24T14:11:37","guid":{"rendered":"https:\/\/www.bluetourism.eu\/elearning\/"},"modified":"2024-02-23T11:28:50","modified_gmt":"2024-02-23T11:28:50","slug":"elearning","status":"publish","type":"page","link":"https:\/\/bluetourism.eu\/pt-pt\/elearning\/","title":{"rendered":"Espa\u00e7o Digital"},"content":{"rendered":"<div>\n<p>        <img decoding=\"async\" src=\"\/wp-content\/uploads\/2022\/03\/elearn.svg\" alt=\"\"><\/p>\n<h3>Espa\u00e7o Digital<\/h3>\n<div>\n<p><span>Os pequenos operadores de turismo nas regi\u00f5es dos cursos de \u00e1gua enfrentam numerosos desafios. A crise econ\u00f3mica sem precedentes, especialmente em pa\u00edses que dependem do turismo como motor do desenvolvimento econ\u00f3mico, representa tamb\u00e9m uma oportunidade para mudar tend\u00eancias e refor\u00e7ar a resili\u00eancia econ\u00f3mica.<\/span><\/p>\n<p><span>O projeto BLUE TOURISM procura contribuir para encontrar solu\u00e7\u00f5es para os desafios atuais, preparando uma rede de futuros consultores locais em oito compet\u00eancias-chave para que possam apoiar e aconselhar pequenos operadores de turismo em regi\u00f5es de cursos de \u00e1gua a serem mais sustent\u00e1veis e competitivos.\u00a0<\/span><\/p>\n<p><span>O <\/span><b>BLUE TOURISM Perfil de compet\u00eancias<\/b><span> consiste num conjunto de recursos de aprendizagem alinhados com o QEQ, o ECVET e o EQAVET).<\/span><\/p>\n<p><span>Paralelamente, o <\/span><b>BLUE TOURISM Recursos formativos<\/b><span> corresponde a um pacote de forma\u00e7\u00e3o para cada \u00e1rea de compet\u00eancia e unidades de aprendizagem, com orienta\u00e7\u00e3o da \u00e1rea de compet\u00eancia; tutoriais; recursos pr\u00e1ticos; dicas e leituras \u00fateis.<\/span><\/p>\n<p><span>O <\/span><b>BLUE TOURISM Plataforma digital<\/b><span> constitui um espa\u00e7o de acesso ao conjunto completo dos recursos de aprendizagem digital anteriormente referidos.<\/span><\/p>\n<\/div>\n<p><a href=\"https:\/\/elearning.bluetourism.eu\/pt-pt\/\">Visite a plataforma<\/a><\/p>\n<\/div>\n<div>\n<p>        <img decoding=\"async\" src=\"\/wp-content\/uploads\/2022\/03\/evideos.svg\" alt=\"\"><\/p>\n<h3>Into-action videos<\/h3>\n<div>\n<p><span>Os v\u00eddeos de a\u00e7\u00e3o s\u00e3o um conjunto de curtas-metragens inspiradoras que emergem das diferentes fases de implementa\u00e7\u00e3o do projeto, e que t\u00eam como objetivo sensibilizar pequenos operadores de turismo para a import\u00e2ncia dos seus contributos para um setor tur\u00edstico mais sustent\u00e1vel.\u00a0<\/span><\/p>\n<p><span>Os v\u00eddeos de a\u00e7\u00e3o est\u00e3o dispon\u00edveis na respectiva sec\u00e7\u00e3o do espa\u00e7o digital.<\/span><\/p>\n<\/div>\n<\/div>\n<p><!--more--><br \/>\n<!-- {\"type\":\"layout\",\"children\":[{\"type\":\"section\",\"props\":{\"style\":\"default\",\"width\":\"default\",\"vertical_align\":\"middle\",\"title_position\":\"top-left\",\"title_rotation\":\"left\",\"title_breakpoint\":\"xl\",\"image_position\":\"center-center\",\"padding_remove_top\":true,\"animation\":\"fade\",\"animation_delay\":\"50\"},\"children\":[{\"type\":\"row\",\"children\":[{\"type\":\"column\",\"props\":{\"position_sticky_breakpoint\":\"m\",\"image_position\":\"center-center\",\"media_overlay_gradient\":\"\"},\"children\":[{\"type\":\"panel\",\"props\":{\"link_text\":\"Visite a plataforma\",\"title_hover_style\":\"reset\",\"title_element\":\"h3\",\"title_align\":\"top\",\"title_grid_width\":\"1-2\",\"title_grid_breakpoint\":\"m\",\"meta_style\":\"meta\",\"meta_align\":\"below-title\",\"meta_element\":\"div\",\"content_column_breakpoint\":\"m\",\"icon_width\":80,\"image_align\":\"right\",\"image_grid_width\":\"1-3\",\"image_grid_breakpoint\":\"m\",\"image_svg_color\":\"emphasis\",\"link_style\":\"primary\",\"margin\":\"large\",\"title\":\"Espa\\u00e7o Digital\",\"content\":\"\n\n<p><span>Os pequenos operadores de turismo nas regi\\u00f5es dos cursos de \\u00e1gua enfrentam numerosos desafios. A crise econ\\u00f3mica sem precedentes, especialmente em pa\\u00edses que dependem do turismo como motor do desenvolvimento econ\\u00f3mico, representa tamb\\u00e9m uma oportunidade para mudar tend\\u00eancias e refor\\u00e7ar a resili\\u00eancia econ\\u00f3mica.<\\\/span><\\\/p>\\n\n\n<p><span>O projeto BLUE TOURISM procura contribuir para encontrar solu\\u00e7\\u00f5es para os desafios atuais, preparando uma rede de futuros consultores locais em oito compet\\u00eancias-chave para que possam apoiar e aconselhar pequenos operadores de turismo em regi\\u00f5es de cursos de \\u00e1gua a serem mais sustent\\u00e1veis e competitivos.\\u00a0<\\\/span><\\\/p>\\n\n\n<p><span>O <\\\/span><b>BLUE TOURISM Perfil de compet\\u00eancias<\\\/b><span> consiste num conjunto de recursos de aprendizagem alinhados com o QEQ, o ECVET e o EQAVET).<\\\/span><\\\/p>\\n\n\n<p><span>Paralelamente, o <\\\/span><b>BLUE TOURISM Recursos formativos<\\\/b><span> corresponde a um pacote de forma\\u00e7\\u00e3o para cada \\u00e1rea de compet\\u00eancia e unidades de aprendizagem, com orienta\\u00e7\\u00e3o da \\u00e1rea de compet\\u00eancia; tutoriais; recursos pr\\u00e1ticos; dicas e leituras \\u00fateis.<\\\/span><\\\/p>\\n\n\n<p><span>O <\\\/span><b>BLUE TOURISM Plataforma digital<\\\/b><span> constitui um espa\\u00e7o de acesso ao conjunto completo dos recursos de aprendizagem digital anteriormente referidos.<\\\/span><\\\/p>\",\"image\":\"wp-content\\\/uploads\\\/2022\\\/03\\\/elearn.svg\",\"title_color\":\"success\",\"link\":\"https:\\\/\\\/elearning.bluetourism.eu\\\/pt-pt\\\/\"},\"name\":\"Panel with image RIGHT\"},{\"type\":\"panel\",\"props\":{\"link_text\":\"Coming Soon\",\"title_hover_style\":\"reset\",\"title_element\":\"h3\",\"title_align\":\"top\",\"title_grid_width\":\"1-2\",\"title_grid_breakpoint\":\"m\",\"meta_style\":\"meta\",\"meta_align\":\"below-title\",\"meta_element\":\"div\",\"content_column_breakpoint\":\"m\",\"icon_width\":80,\"image_align\":\"left\",\"image_grid_width\":\"1-3\",\"image_grid_breakpoint\":\"m\",\"image_svg_color\":\"emphasis\",\"link_style\":\"default\",\"margin\":\"default\",\"title\":\"Into-action videos\",\"content\":\"\n\n<p><span>Os v\\u00eddeos de a\\u00e7\\u00e3o s\\u00e3o um conjunto de curtas-metragens inspiradoras que emergem das diferentes fases de implementa\\u00e7\\u00e3o do projeto, e que t\\u00eam como objetivo sensibilizar pequenos operadores de turismo para a import\\u00e2ncia dos seus contributos para um setor tur\\u00edstico mais sustent\\u00e1vel.\\u00a0<\\\/span><\\\/p>\\n\n\n<p><span>Os v\\u00eddeos de a\\u00e7\\u00e3o est\\u00e3o dispon\\u00edveis na respectiva sec\\u00e7\\u00e3o do espa\\u00e7o digital.<\\\/span><\\\/p>\",\"image\":\"wp-content\\\/uploads\\\/2022\\\/03\\\/evideos.svg\",\"title_color\":\"success\",\"link\":\"\",\"animation\":\"fade\"},\"name\":\"left-image-panel\"}]}]}]}],\"version\":\"2.7.22\"} --><\/p>\n","protected":false},"excerpt":{"rendered":"<p>Espa\u00e7o Digital Os pequenos operadores de turismo nas regi\u00f5es dos cursos de \u00e1gua enfrentam numerosos desafios. A crise econ\u00f3mica sem precedentes, especialmente em pa\u00edses que..<\/p>\n","protected":false},"author":1,"featured_media":0,"parent":0,"menu_order":0,"comment_status":"closed","ping_status":"closed","template":"","meta":{"_acf_changed":false,"inline_featured_image":false,"footnotes":""},"class_list":["post-738","page","type-page","status-publish","hentry"],"acf":[],"_links":{"self":[{"href":"https:\/\/bluetourism.eu\/pt-pt\/wp-json\/wp\/v2\/pages\/738","targetHints":{"allow":["GET"]}}],"collection":[{"href":"https:\/\/bluetourism.eu\/pt-pt\/wp-json\/wp\/v2\/pages"}],"about":[{"href":"https:\/\/bluetourism.eu\/pt-pt\/wp-json\/wp\/v2\/types\/page"}],"author":[{"embeddable":true,"href":"https:\/\/bluetourism.eu\/pt-pt\/wp-json\/wp\/v2\/users\/1"}],"replies":[{"embeddable":true,"href":"https:\/\/bluetourism.eu\/pt-pt\/wp-json\/wp\/v2\/comments?post=738"}],"version-history":[{"count":7,"href":"https:\/\/bluetourism.eu\/pt-pt\/wp-json\/wp\/v2\/pages\/738\/revisions"}],"predecessor-version":[{"id":1653,"href":"https:\/\/bluetourism.eu\/pt-pt\/wp-json\/wp\/v2\/pages\/738\/revisions\/1653"}],"wp:attachment":[{"href":"https:\/\/bluetourism.eu\/pt-pt\/wp-json\/wp\/v2\/media?parent=738"}],"curies":[{"name":"wp","href":"https:\/\/api.w.org\/{rel}","templated":true}]}}