{"id":854,"date":"2022-08-03T11:31:54","date_gmt":"2022-08-03T11:31:54","guid":{"rendered":"https:\/\/www.bluetourism.eu\/e-portfolio\/"},"modified":"2024-02-23T11:22:16","modified_gmt":"2024-02-23T11:22:16","slug":"e-portfolio","status":"publish","type":"page","link":"https:\/\/bluetourism.eu\/es\/e-portfolio\/","title":{"rendered":"Portafolio electr\u00f3nico"},"content":{"rendered":"<div>\n<p>        <img decoding=\"async\" src=\"\/wp-content\/uploads\/2022\/03\/eport.svg\" alt=\"\"><\/p>\n<h3>Portafolio electr\u00f3nico<\/h3>\n<div>\n<p><span>A la gente le gusta viajar y disfrutar de nuevos lugares. Sin embargo, viajar puede provocar un gran impacto negativo sobre el medio ambiente y las comunidades locales. Para evitar riesgos y desarrollar actividades de bajo impacto que beneficien a la naturaleza y la sociedad, debemos tener en cuenta las limitaciones de recursos y la singularidad cultural de cada lugar.<\/span><\/p>\n<p><span>El proyecto BLUE TOURISM (TURISMO AZUL) y m\u00e1s espec\u00edficamente el portafolio electr\u00f3nico BLUE TOURISM, tiene como objetivo contribuir a este esfuerzo mediante el mapeo de un conjunto de pr\u00e1cticas sostenibles. Los ejemplos descritos pueden ser utilizados como casos de estudio y buenas pr\u00e1cticas.<\/span><\/p>\n<p><span>Para una mejor visualizaci\u00f3n, estos ejemplos se muestran a trav\u00e9s de <\/span><b><a href=\"https:\/\/earth.google.com\/web\/@44.5325046,12.53638655,-2.99261483a,3563863.88075554d,30y,0h,0t,0r\/data=MikKJwolCiExdkFPSTlkY0NUQnJvNUk1elV0empNbHJWTkRlbENLZVogAQ\" target=\"_blank\" rel=\"noopener\">Google Earth<\/a>.<\/b><\/p>\n<p><span>Cada caso de estudio proporciona una breve informaci\u00f3n sobre la historia y los antecedentes, la sostenibilidad y los aspectos innovadores de las actividades tur\u00edsticas propuestas. Esto se muestra en forma de ventanas emergentes. Puedes acercarte y alejarte como desees para visitar m\u00e1s casos de estudio, tanto en un pa\u00eds concreto como en otras partes de Europa.<\/span><\/p>\n<\/p>\n<p><b>Consejos de navegaci\u00f3n<\/b><\/p>\n<ul>\n<li aria-level=\"1\"><span>utiliza la tabla de contenidos para que la navegaci\u00f3n te resulte m\u00e1s f\u00e1cil<\/span><\/li>\n<li aria-level=\"1\"><span>utiliza la barra de desplazamiento en la tabla de contenidos o bien las flechas de avance y retroceso de tu teclado para desplazarte por la tabla de contenidos y haz doble clic sobre el cap\u00edtulo que m\u00e1s te interese<\/span><\/li>\n<li aria-level=\"1\"><span>utiliza el rat\u00f3n de tu ordenador para moverte por el paisaje y presiona la tecla \u00abcontrol\u00bb para cambiar el \u00e1ngulo de visi\u00f3n<\/span><\/li>\n<li aria-level=\"1\"><span>Puedes revisar los enlaces y \u00e1lbumes que aparecen en la ventana emergente; podr\u00e1s verlos en pantalla completa si los expandes.<\/span><\/li>\n<\/ul>\n<p><a class=\"uk-button uk-button-primary\" href=\"https:\/\/bluetourism.eu\/casestudy\/es\/index.html\" target=\"_blank\" rel=\"noopener\">Casos de estudio<\/a><\/p>\n<\/div>\n<\/div>\n<p><!--more--><br \/>\n<!-- {\"type\":\"layout\",\"children\":[{\"type\":\"section\",\"props\":{\"style\":\"default\",\"width\":\"default\",\"vertical_align\":\"middle\",\"title_position\":\"top-left\",\"title_rotation\":\"left\",\"title_breakpoint\":\"xl\",\"image_position\":\"center-center\"},\"children\":[{\"type\":\"row\",\"children\":[{\"type\":\"column\",\"props\":{\"position_sticky_breakpoint\":\"m\",\"image_position\":\"center-center\",\"media_overlay_gradient\":\"\"},\"children\":[{\"type\":\"panel\",\"props\":{\"link_text\":\"Coming Soon\",\"title_hover_style\":\"reset\",\"title_element\":\"h3\",\"title_align\":\"top\",\"title_grid_width\":\"1-2\",\"title_grid_breakpoint\":\"m\",\"meta_style\":\"meta\",\"meta_align\":\"below-title\",\"meta_element\":\"div\",\"content_column_breakpoint\":\"m\",\"icon_width\":80,\"image_align\":\"left\",\"image_grid_width\":\"1-3\",\"image_grid_breakpoint\":\"m\",\"image_svg_color\":\"emphasis\",\"link_style\":\"default\",\"margin\":\"default\",\"title\":\"Portafolio electr\\u00f3nico\",\"content\":\"\n\n<p><span>A la gente le gusta viajar y disfrutar de nuevos lugares. Sin embargo, viajar puede provocar un gran impacto negativo sobre el medio ambiente y las comunidades locales. Para evitar riesgos y desarrollar actividades de bajo impacto que beneficien a la naturaleza y la sociedad, debemos tener en cuenta las limitaciones de recursos y la singularidad cultural de cada lugar.<\\\/span><\\\/p>\\n\n\n<p><span>El proyecto BLUE TOURISM (TURISMO AZUL) y m\\u00e1s espec\\u00edficamente el portafolio electr\\u00f3nico BLUE TOURISM, tiene como objetivo contribuir a este esfuerzo mediante el mapeo de un conjunto de pr\\u00e1cticas sostenibles. Los ejemplos descritos pueden ser utilizados como casos de estudio y buenas pr\\u00e1cticas.<\\\/span><\\\/p>\\n\n\n<p><span>Para una mejor visualizaci\\u00f3n, estos ejemplos se muestran a trav\\u00e9s de <\\\/span><b><a href=\\\"https:\\\/\\\/earth.google.com\\\/web\\\/@44.5325046,12.53638655,-2.99261483a,3563863.88075554d,30y,0h,0t,0r\\\/data=MikKJwolCiExdkFPSTlkY0NUQnJvNUk1elV0empNbHJWTkRlbENLZVogAQ\\\" target=\\\"_blank\\\" rel=\\\"noopener\\\">Google Earth<\\\/a>.<\\\/b><\\\/p>\\n\n\n<p><span>Cada caso de estudio proporciona una breve informaci\\u00f3n sobre la historia y los antecedentes, la sostenibilidad y los aspectos innovadores de las actividades tur\\u00edsticas propuestas. Esto se muestra en forma de ventanas emergentes. Puedes acercarte y alejarte como desees para visitar m\\u00e1s casos de estudio, tanto en un pa\\u00eds concreto como en otras partes de Europa.<\\\/span><\\\/p>\\n\n\n<p><\\\/p>\\n\n\n<p><b>Consejos de navegaci\\u00f3n<\\\/b><\\\/p>\\n\n\n<ul>\\n\n\n<li aria-level=\\\"1\\\"><span>utiliza la tabla de contenidos para que la navegaci\\u00f3n te resulte m\\u00e1s f\\u00e1cil<\\\/span><\\\/li>\\n\n\n<li aria-level=\\\"1\\\"><span>utiliza la barra de desplazamiento en la tabla de contenidos o bien las flechas de avance y retroceso de tu teclado para desplazarte por la tabla de contenidos y haz doble clic sobre el cap\\u00edtulo que m\\u00e1s te interese<\\\/span><\\\/li>\\n\n\n<li aria-level=\\\"1\\\"><span>utiliza el rat\\u00f3n de tu ordenador para moverte por el paisaje y presiona la tecla \\\"control\\\" para cambiar el \\u00e1ngulo de visi\\u00f3n<\\\/span><\\\/li>\\n\n\n<li aria-level=\\\"1\\\"><span>Puedes revisar los enlaces y \\u00e1lbumes que aparecen en la ventana emergente; podr\\u00e1s verlos en pantalla completa si los expandes.<\\\/span><\\\/li>\\n<\\\/ul>\\n\n\n<p><a class=\\\"uk-button uk-button-primary\\\" href=\\\"https:\\\/\\\/bluetourism.eu\\\/casestudy\\\/es\\\/index.html\\\" target=\\\"_blank\\\" rel=\\\"noopener\\\">Casos de estudio<\\\/a><\\\/p>\",\"image\":\"wp-content\\\/uploads\\\/2022\\\/03\\\/eport.svg\",\"title_color\":\"success\",\"link\":\"\",\"animation\":\"fade\"},\"name\":\"eport-es\"}]}]}]}],\"version\":\"2.7.22\"} --><\/p>\n","protected":false},"excerpt":{"rendered":"<p>Portafolio electr\u00f3nico A la gente le gusta viajar y disfrutar de nuevos lugares. Sin embargo, viajar puede provocar un gran impacto negativo sobre el medio..<\/p>\n","protected":false},"author":1,"featured_media":0,"parent":0,"menu_order":0,"comment_status":"closed","ping_status":"closed","template":"","meta":{"_acf_changed":false,"inline_featured_image":false,"footnotes":""},"class_list":["post-854","page","type-page","status-publish","hentry"],"acf":[],"_links":{"self":[{"href":"https:\/\/bluetourism.eu\/es\/wp-json\/wp\/v2\/pages\/854","targetHints":{"allow":["GET"]}}],"collection":[{"href":"https:\/\/bluetourism.eu\/es\/wp-json\/wp\/v2\/pages"}],"about":[{"href":"https:\/\/bluetourism.eu\/es\/wp-json\/wp\/v2\/types\/page"}],"author":[{"embeddable":true,"href":"https:\/\/bluetourism.eu\/es\/wp-json\/wp\/v2\/users\/1"}],"replies":[{"embeddable":true,"href":"https:\/\/bluetourism.eu\/es\/wp-json\/wp\/v2\/comments?post=854"}],"version-history":[{"count":7,"href":"https:\/\/bluetourism.eu\/es\/wp-json\/wp\/v2\/pages\/854\/revisions"}],"predecessor-version":[{"id":1643,"href":"https:\/\/bluetourism.eu\/es\/wp-json\/wp\/v2\/pages\/854\/revisions\/1643"}],"wp:attachment":[{"href":"https:\/\/bluetourism.eu\/es\/wp-json\/wp\/v2\/media?parent=854"}],"curies":[{"name":"wp","href":"https:\/\/api.w.org\/{rel}","templated":true}]}}