{"id":741,"date":"2022-02-24T14:11:37","date_gmt":"2022-02-24T14:11:37","guid":{"rendered":"https:\/\/www.bluetourism.eu\/elearning\/"},"modified":"2024-02-23T11:30:50","modified_gmt":"2024-02-23T11:30:50","slug":"elearning","status":"publish","type":"page","link":"https:\/\/bluetourism.eu\/es\/elearning\/","title":{"rendered":"Espacio Digital"},"content":{"rendered":"<div>\n<p>        <img decoding=\"async\" src=\"\/wp-content\/uploads\/2022\/03\/elearn.svg\" alt=\"\"><\/p>\n<h3>Espacio Digital<\/h3>\n<div>\n<p><span>Los peque\u00f1os proveedores de turismo en las regiones ligadas a cursos de agua se enfrentan a numerosos desaf\u00edos. La crisis econ\u00f3mica sin precedentes de nuestra era, especialmente en los pa\u00edses que dependen del turismo como motor del desarrollo econ\u00f3mico, tambi\u00e9n representa una oportunidad para cambiar las tendencias y fortalecer la resiliencia econ\u00f3mica, especialmente en las \u00e1reas locales.<\/span><\/p>\n<p><span>El proyecto BLUE TOURISM (TURISMO AZUL) tiene como objetivo contribuir a encontrar soluciones a los desaf\u00edos actuales, equipando a una red de futuros asesores locales con ocho competencias clave, para que puedan apoyar y asesorar a los peque\u00f1os proveedores de turismo en las regiones con recursos h\u00eddricos para que sean m\u00e1s sostenibles y competitivos.<\/span><\/p>\n<p><span>El <\/span><b>Perfil de Competencias del Asesor Sostenible de TURISMO AZUL<\/b><span> consiste en un conjunto expl\u00edcito de resultados de aprendizaje alineados con los marcos de la UE (EQF, ECVET y EQAVET).<\/span><\/p>\n<p><span>El <\/span><b>Perfil de Competencias del Asesor Sostenible de TURISMO AZUL<\/b><span> consiste en un conjunto expl\u00edcito de resultados de aprendizaje alineados con los marcos de la UE (EQF, ECVET y EQAVET).<\/span><\/p>\n<p><span>El Espacio Digital BLUE TOURISM sirve como una ventanilla \u00fanica que brinda acceso instant\u00e1neo al conjunto completo de recursos de aprendizaje digital mencionados anteriormente.<\/span><\/p>\n<\/div>\n<p><a href=\"https:\/\/elearning.bluetourism.eu\/es\/\">Visitar Plataforma<\/a><\/p>\n<\/div>\n<div>\n<p>        <img decoding=\"async\" src=\"\/wp-content\/uploads\/2022\/03\/evideos.svg\" alt=\"\"><\/p>\n<h3>Videos en acci\u00f3n<\/h3>\n<div>\n<p><span>Los v\u00eddeos en acci\u00f3n son un conjunto de cortometrajes inspiradores que emergen de las diferentes fases de implementaci\u00f3n del proyecto.\u00a0 Sirven para dar a conocer el proyecto e inspirar a los peque\u00f1os proveedores tur\u00edsticos.<\/span><\/p>\n<p><span>Los v\u00eddeos en acci\u00f3n\u00a0 est\u00e1n disponibles en la secci\u00f3n correspondiente del espacio digital.<\/span><\/p>\n<\/div>\n<\/div>\n<p><!--more--><br \/>\n<!-- {\"type\":\"layout\",\"children\":[{\"type\":\"section\",\"props\":{\"style\":\"default\",\"width\":\"default\",\"vertical_align\":\"middle\",\"title_position\":\"top-left\",\"title_rotation\":\"left\",\"title_breakpoint\":\"xl\",\"image_position\":\"center-center\",\"padding_remove_top\":true,\"animation\":\"fade\",\"animation_delay\":\"50\"},\"children\":[{\"type\":\"row\",\"children\":[{\"type\":\"column\",\"props\":{\"position_sticky_breakpoint\":\"m\",\"image_position\":\"center-center\",\"media_overlay_gradient\":\"\"},\"children\":[{\"type\":\"panel\",\"props\":{\"link_text\":\"Visitar Plataforma\",\"title_hover_style\":\"reset\",\"title_element\":\"h3\",\"title_align\":\"top\",\"title_grid_width\":\"1-2\",\"title_grid_breakpoint\":\"m\",\"meta_style\":\"meta\",\"meta_align\":\"below-title\",\"meta_element\":\"div\",\"content_column_breakpoint\":\"m\",\"icon_width\":80,\"image_align\":\"right\",\"image_grid_width\":\"1-3\",\"image_grid_breakpoint\":\"m\",\"image_svg_color\":\"emphasis\",\"link_style\":\"primary\",\"margin\":\"large\",\"title\":\"Espacio Digital\",\"content\":\"\n\n<p><span>Los peque\\u00f1os proveedores de turismo en las regiones ligadas a cursos de agua se enfrentan a numerosos desaf\\u00edos. La crisis econ\\u00f3mica sin precedentes de nuestra era, especialmente en los pa\\u00edses que dependen del turismo como motor del desarrollo econ\\u00f3mico, tambi\\u00e9n representa una oportunidad para cambiar las tendencias y fortalecer la resiliencia econ\\u00f3mica, especialmente en las \\u00e1reas locales.<\\\/span><\\\/p>\\n\n\n<p><span>El proyecto BLUE TOURISM (TURISMO AZUL) tiene como objetivo contribuir a encontrar soluciones a los desaf\\u00edos actuales, equipando a una red de futuros asesores locales con ocho competencias clave, para que puedan apoyar y asesorar a los peque\\u00f1os proveedores de turismo en las regiones con recursos h\\u00eddricos para que sean m\\u00e1s sostenibles y competitivos.<\\\/span><\\\/p>\\n\n\n<p><span>El <\\\/span><b>Perfil de Competencias del Asesor Sostenible de TURISMO AZUL<\\\/b><span> consiste en un conjunto expl\\u00edcito de resultados de aprendizaje alineados con los marcos de la UE (EQF, ECVET y EQAVET).<\\\/span><\\\/p>\\n\n\n<p><span>El <\\\/span><b>Perfil de Competencias del Asesor Sostenible de TURISMO AZUL<\\\/b><span> consiste en un conjunto expl\\u00edcito de resultados de aprendizaje alineados con los marcos de la UE (EQF, ECVET y EQAVET).<\\\/span><\\\/p>\\n\n\n<p><span>El Espacio Digital BLUE TOURISM sirve como una ventanilla \\u00fanica que brinda acceso instant\\u00e1neo al conjunto completo de recursos de aprendizaje digital mencionados anteriormente.<\\\/span><\\\/p>\",\"image\":\"wp-content\\\/uploads\\\/2022\\\/03\\\/elearn.svg\",\"title_color\":\"success\",\"link\":\"https:\\\/\\\/elearning.bluetourism.eu\\\/es\\\/\"},\"name\":\"Panel with image RIGHT\"},{\"type\":\"panel\",\"props\":{\"link_text\":\"Coming Soon\",\"title_hover_style\":\"reset\",\"title_element\":\"h3\",\"title_align\":\"top\",\"title_grid_width\":\"1-2\",\"title_grid_breakpoint\":\"m\",\"meta_style\":\"meta\",\"meta_align\":\"below-title\",\"meta_element\":\"div\",\"content_column_breakpoint\":\"m\",\"icon_width\":80,\"image_align\":\"left\",\"image_grid_width\":\"1-3\",\"image_grid_breakpoint\":\"m\",\"image_svg_color\":\"emphasis\",\"link_style\":\"default\",\"margin\":\"default\",\"title\":\"Videos en acci\\u00f3n\",\"content\":\"\n\n<p><span>Los v\\u00eddeos en acci\\u00f3n son un conjunto de cortometrajes inspiradores que emergen de las diferentes fases de implementaci\\u00f3n del proyecto.\\u00a0 Sirven para dar a conocer el proyecto e inspirar a los peque\\u00f1os proveedores tur\\u00edsticos.<\\\/span><\\\/p>\\n\n\n<p><span>Los v\\u00eddeos en acci\\u00f3n\\u00a0 est\\u00e1n disponibles en la secci\\u00f3n correspondiente del espacio digital.<\\\/span><\\\/p>\",\"image\":\"wp-content\\\/uploads\\\/2022\\\/03\\\/evideos.svg\",\"title_color\":\"success\",\"link\":\"\",\"animation\":\"fade\"},\"name\":\"left-image-panel\"}]}]}]}],\"version\":\"2.7.22\"} --><\/p>\n","protected":false},"excerpt":{"rendered":"<p>Espacio Digital Los peque\u00f1os proveedores de turismo en las regiones ligadas a cursos de agua se enfrentan a numerosos desaf\u00edos. La crisis econ\u00f3mica sin precedentes..<\/p>\n","protected":false},"author":1,"featured_media":0,"parent":0,"menu_order":0,"comment_status":"closed","ping_status":"closed","template":"","meta":{"_acf_changed":false,"inline_featured_image":false,"footnotes":""},"class_list":["post-741","page","type-page","status-publish","hentry"],"acf":[],"_links":{"self":[{"href":"https:\/\/bluetourism.eu\/es\/wp-json\/wp\/v2\/pages\/741","targetHints":{"allow":["GET"]}}],"collection":[{"href":"https:\/\/bluetourism.eu\/es\/wp-json\/wp\/v2\/pages"}],"about":[{"href":"https:\/\/bluetourism.eu\/es\/wp-json\/wp\/v2\/types\/page"}],"author":[{"embeddable":true,"href":"https:\/\/bluetourism.eu\/es\/wp-json\/wp\/v2\/users\/1"}],"replies":[{"embeddable":true,"href":"https:\/\/bluetourism.eu\/es\/wp-json\/wp\/v2\/comments?post=741"}],"version-history":[{"count":9,"href":"https:\/\/bluetourism.eu\/es\/wp-json\/wp\/v2\/pages\/741\/revisions"}],"predecessor-version":[{"id":1655,"href":"https:\/\/bluetourism.eu\/es\/wp-json\/wp\/v2\/pages\/741\/revisions\/1655"}],"wp:attachment":[{"href":"https:\/\/bluetourism.eu\/es\/wp-json\/wp\/v2\/media?parent=741"}],"curies":[{"name":"wp","href":"https:\/\/api.w.org\/{rel}","templated":true}]}}